{"id":6532,"date":"2024-02-20T10:48:14","date_gmt":"2024-02-20T10:48:14","guid":{"rendered":"https:\/\/wp-heo.eralpsoftware.net\/?page_id=6532"},"modified":"2024-05-21T14:15:44","modified_gmt":"2024-05-21T14:15:44","slug":"kvkk-gizlilik-sozlesmesi","status":"publish","type":"page","link":"https:\/\/heocademy.com\/en\/kvkk-gizlilik-sozlesmesi\/","title":{"rendered":"KVKK"},"content":{"rendered":"\t\t<div data-elementor-type=\"wp-page\" data-elementor-id=\"6532\" class=\"elementor elementor-6532\">\n\t\t\t\t<div class=\"elementor-element elementor-element-22d1a48 e-flex e-con-boxed e-con e-parent\" data-id=\"22d1a48\" data-element_type=\"container\" data-e-type=\"container\">\n\t\t\t\t\t<div class=\"e-con-inner\">\n\t\t\t\t<div class=\"elementor-element elementor-element-38760c6 elementor-widget elementor-widget-heading\" data-id=\"38760c6\" data-element_type=\"widget\" data-e-type=\"widget\" data-widget_type=\"heading.default\">\n\t\t\t\t<div class=\"elementor-widget-container\">\n\t\t\t\t\t<h4 class=\"elementor-heading-title elementor-size-default\">K\u0130\u015e\u0130SEL VER\u0130LER\u0130N\u0130Z\u0130N \u0130\u015eLENMES\u0130NE \u0130L\u0130\u015eK\u0130N B\u0130LG\u0130LEND\u0130RME METN\u0130 VE K\u0130\u015e\u0130SEL VER\u0130LER\u0130N KORUNMASI POL\u0130T\u0130KAMIZ<\/h4>\t\t\t\t<\/div>\n\t\t\t\t<\/div>\n\t\t\t\t<div class=\"elementor-element elementor-element-8d80482 elementor-widget elementor-widget-text-editor\" data-id=\"8d80482\" data-element_type=\"widget\" data-e-type=\"widget\" data-widget_type=\"text-editor.default\">\n\t\t\t\t<div class=\"elementor-widget-container\">\n\t\t\t\t\t\t\t\t\t<p><span style=\"font-weight: 400;\">ERALP YAZILIM VE OTOMASYON S\u0130STEMLER\u0130 SANAY\u0130 VE T\u0130CARET A.\u015e.\u00a0 (\u201cEralp Yaz\u0131l\u0131m\u201d), m\u00fc\u015fterilerinin ki\u015fisel verilerine ve bundan do\u011fan haklar\u0131na b\u00fcy\u00fck \u00f6nem vermektedir. A\u015fa\u011f\u0131daki maddeler,<\/span><a href=\"https:\/\/heocademy.com\/\"><span style=\"font-weight: 400;\"> heocademy.com<\/span><\/a><span style=\"font-weight: 400;\"> web sitesinde toplanan ki\u015fisel verilerin neler oldu\u011fu, s\u00f6z konusu veri bilgilerinin hangi ama\u00e7lar i\u00e7in topland\u0131\u011f\u0131, hangi \u015fekillerde kullan\u0131ld\u0131\u011f\u0131, bu bilgileri nas\u0131l de\u011fi\u015ftirebilece\u011finizi ve bizimle nas\u0131l ileti\u015fime ge\u00e7ebilece\u011finiz gibi konular\u0131 i\u00e7ermektedir.<\/span><\/p><p><strong>1. Ki\u015fisel verilerin i\u015flenmesinin yasal dayana\u011f\u0131<\/strong><\/p><p><span style=\"font-weight: 400;\">6698 say\u0131l\u0131 Ki\u015fisel Verilerin Korunmas\u0131 Kanunu, 6563 Say\u0131l\u0131 Elektronik Ticaretin D\u00fczenlenmesi Hakk\u0131nda Kanun, 6502 say\u0131l\u0131 T\u00fcketicinin Korunmas\u0131 Hakk\u0131nda Kanun, Elektronik Ticarette Hizmet Sa\u011flay\u0131c\u0131 ve Arac\u0131 Hizmet Sa\u011flay\u0131c\u0131lar Hakk\u0131nda Y\u00f6netmelik ve Ticari \u0130leti\u015fim ve Ticari Elektronik \u0130letiler Hakk\u0131nda Y\u00f6netmelik, ki\u015fisel verilerin i\u015flenmesi ya da korunmas\u0131 ile ilgili h\u00fck\u00fcmler i\u00e7ermektedir. 5237 Say\u0131l\u0131 T\u00fcrk Ceza Kanunu ise, ki\u015fisel verilerin i\u015flenmesi ve gizlili\u011fi ile ilgili birtak\u0131m yapt\u0131r\u0131mlar \u00f6ng\u00f6rm\u00fc\u015ft\u00fcr.<\/span><\/p><p><span style=\"font-weight: 400;\">Eralp Yaz\u0131l\u0131m olarak, 6502 say\u0131l\u0131 T\u00fcketicinin Korunmas\u0131 Hakk\u0131nda Kanun ve Mesafeli S\u00f6zle\u015fmeler Y\u00f6netmeli\u011fi \u00e7er\u00e7evesinde siz m\u00fc\u015fterilerimizle kuraca\u011f\u0131m\u0131z s\u00f6zle\u015fmelerden do\u011fan y\u00fck\u00fcml\u00fcl\u00fcklerimizi yerine getirebilmek ve en iyi hizmeti verebilmek amac\u0131yla siz \u00fcyelerimizin ve m\u00fc\u015fterilerimizin ki\u015fisel verilerinin i\u015flenmesine ihtiya\u00e7 duymaktay\u0131z.<\/span><\/p><p><strong>2. Ki\u015fisel verilerin i\u015flenmesinde kullan\u0131lan y\u00f6ntem<\/strong><\/p><p><span style=\"font-weight: 400;\">Eralp Yaz\u0131l\u0131m, siz m\u00fc\u015fterilerimizin ve \u00fcyelerimizin bilgilerinin g\u00fcvenli\u011fine b\u00fcy\u00fck \u00f6nem vermekte ve bunu sa\u011flamak ad\u0131na en ileri teknolojiye sahip ara\u00e7larla \u00e7al\u0131\u015fmaktad\u0131r. Sitemizin g\u00fcvenli\u011fini sa\u011flamak amac\u0131 ile g\u00fcvenli ortamlarda her t\u00fcrl\u00fc fiziksel, elektronik ve y\u00f6netimsel \u00f6nlem al\u0131nm\u0131\u015ft\u0131r. T\u00fcm bilgiler g\u00fcvenli sunucularda saklanmakta ve yedeklenmektedir.<\/span><\/p><p><span style=\"font-weight: 400;\">Google dahil \u00fc\u00e7\u00fcnc\u00fc taraf sa\u011flay\u0131c\u0131lar\u0131n, heocademy.com ve Eralp Yaz\u0131l\u0131m\u2019\u0131n<\/span> <span style=\"font-weight: 400;\">internet \u00fczerindeki yay\u0131nc\u0131 sitelerin yer verdikleri banner alanlar\u0131nda g\u00f6sterebilmeleri i\u00e7in, ziyaret\u00e7ilerin heocademy.com\u2019a ve temel alarak, reklamlarla ilgili bilgi toplamalar\u0131, reklamlar\u0131 optimize etmeleri ve yay\u0131nlamalar\u0131 gerekmektedir. Bunun i\u00e7in de heocademy.com taraf\u0131ndan ve Google dahil \u00fc\u00e7\u00fcnc\u00fc taraf sa\u011flay\u0131c\u0131larca birinci taraf \u00e7erezler ile \u00fc\u00e7 taraf \u00e7erezler birlikte kullan\u0131lmaktad\u0131r.<\/span><\/p><p><span style=\"font-weight: 400;\">\u00c7erezler, web sitelerinde dola\u015f\u0131rken bilgilerin, \u015fifrelerin kaydedildi\u011fi, o web sitesine tekrar girildi\u011finde bilgilerinizin hat\u0131rlanarak giri\u015f yap\u0131ld\u0131\u011f\u0131 dosyalard\u0131r. \u0130nternet taray\u0131c\u0131n\u0131z\u0131n ara\u00e7lar k\u0131sm\u0131ndan t\u00fcm \u00e7erezleri ya da siteye ait verileri silebilir, yard\u0131m k\u0131sm\u0131ndan t\u00fcm \u00e7erezleri reddedebilirsiniz.<\/span><\/p><p><strong>3. Ki\u015fisel verilerinizin i\u015flenme amac\u0131<\/strong><\/p><p><span style=\"font-weight: 400;\">Hizmetlerimizi ve kampanyalar\u0131m\u0131z\u0131 duyuran e-b\u00fcltenlerimize ve sitemize \u00fcye olman\u0131z, site ve uygulamalar \u00fczerinden bir demo veya \u00fcr\u00fcn sat\u0131n alman\u0131z ya da sat\u0131n ald\u0131\u011f\u0131n\u0131z \u00fcr\u00fcn\u00fc iptal etmeniz gibi durumlarda, sizlere daha iyi hizmet verebilmek ad\u0131na ad, soyad, e-posta adresi, telefon numaras\u0131, fatura ve teslimat adresleri gibi baz\u0131 ki\u015fisel bilgilerinize ihtiya\u00e7 duyaca\u011f\u0131z. Bu bilgiler haricinde, sitenin\u00a0 ziyaret s\u0131kl\u0131\u011f\u0131 ve zamanlar\u0131 gibi ki\u015fisel bilgi i\u00e7ermeyen toplu istatistiksel veriler de ziyaret\u00e7i hareket ve tercihlerini analiz etmek ve anlamak amac\u0131yla toplan\u0131r ve kullan\u0131l\u0131r.<\/span><\/p><p><span style=\"font-weight: 400;\">heocademy.com sitesinde toplanan ki\u015fisel bilgiler, m\u00fc\u015fterilerimizle ilgili ileti\u015fimi ve m\u00fc\u015fteri memnuniyetini sa\u011flamak, kampanyalardan haberdar etmek ve istedi\u011finiz veya yetkilendirdi\u011finiz hizmetlerin sa\u011flanmas\u0131 ya da i\u015flemlerin yerine getirilmesi i\u00e7in kullan\u0131l\u0131r.<\/span><\/p><p><span style=\"font-weight: 400;\">heocademy.com bu kullan\u0131mlar\u0131 desteklemek \u00fczere, m\u00fc\u015fterilerine daha etkili hizmet sunmak, siteyi, ve di\u011fer ilgili Eralp Yaz\u0131l\u0131m \u00fcr\u00fcnlerini veya hizmetlerini iyile\u015ftirmek ve sitenin kullan\u0131m\u0131n\u0131 daha kolay hale getirmek i\u00e7in ki\u015fisel bilgileri kullanabilir.<\/span><\/p><p><span style=\"font-weight: 400;\">Ki\u015fisel bilgilerinizi, bildirimleri de i\u00e7erecek \u015fekilde, kullanmakta oldu\u011funuz \u00fcr\u00fcn veya hizmetler hakk\u0131nda bilgiler sa\u011flamak i\u00e7in kullanabiliriz. Ayr\u0131ca, size di\u011fer Eralp Yaz\u0131l\u0131m \u00fcr\u00fcnleri ve hizmetleri hakk\u0131nda bilgiler g\u00f6nderebiliriz.<\/span><\/p><p><span style=\"font-weight: 400;\">Bir haber b\u00fcltenine kaydoldu\u011funuzda veya tan\u0131t\u0131m e-postalar\u0131 almay\u0131 kabul etti\u011finizde heocademy.com sitesi, t\u0131klatt\u0131\u011f\u0131n\u0131z e-postalar\u0131 izlemek i\u00e7in \u00f6zelle\u015ftirilmi\u015f ba\u011flant\u0131lar veya benzeri teknolojiler kullanabilir. Her e-posta, bu t\u00fcr iletilerin gelmesini durdurman\u0131za olanak veren, abonelik iptal ba\u011flant\u0131lar\u0131 i\u00e7erir.<\/span><\/p><p><strong>4. Ki\u015fisel verilerinizin aktar\u0131ld\u0131\u011f\u0131 kurumlar ve aktar\u0131m amac\u0131<\/strong><\/p><p><span style=\"font-weight: 400;\">Eralp Yaz\u0131l\u0131m, toplad\u0131\u011f\u0131 ki\u015fisel verileri faaliyetlerini y\u00fcr\u00fctebilmek i\u00e7in i\u015fbirli\u011fi yapt\u0131\u011f\u0131 program orta\u011f\u0131 kurumlarla, kurulu\u015flarla, verilerin bulut ortam\u0131nda saklanmas\u0131 hizmetini ald\u0131\u011f\u0131 yurt i\u00e7indeki\/yurt d\u0131\u015f\u0131ndaki ki\u015fi ve kurumlarla, Bankalararas\u0131 Kart Merkezi ile, TURK Elektronik Para A.\u015e. ile m\u00fc\u015fterilerine daha iyi hizmet sunabilmek ve m\u00fc\u015fteri memnuniyetini sa\u011flayabilmek i\u00e7in \u00e7e\u015fitli pazarlama faaliyetleri kapsam\u0131nda yard\u0131mc\u0131 ara\u00e7larla, yurt i\u00e7indeki ve yurt d\u0131\u015f\u0131ndaki \u00e7e\u015fitli ajanslarla ve reklam \u015firketleriyle, anket \u015firketleriyle, yurt i\u00e7indeki\/yurt d\u0131\u015f\u0131ndaki di\u011fer \u00fc\u00e7\u00fcnc\u00fc ki\u015filerle ve ilgili i\u015f ortaklar\u0131 ile payla\u015fabilmektedir.<\/span><\/p><p><span style=\"font-weight: 400;\">A\u00e7\u0131k r\u0131za olmaks\u0131z\u0131n Eralp Yaz\u0131l\u0131m\u2019\u0131n ki\u015fisel verilerinizi i\u015flemesi, ancak 6698 say\u0131l\u0131 Ki\u015fisel Verilerin Korunmas\u0131 Kanunu\u2019nda s\u0131n\u0131rl\u0131 say\u0131da say\u0131lm\u0131\u015f olan hallerde m\u00fcmk\u00fcnd\u00fcr.<\/span><\/p><p><span style=\"font-weight: 400;\">Hizmetlerin sunumunda bize yard\u0131mc\u0131 olmalar\u0131 veya hizmetleri bizim ad\u0131m\u0131za sunmalar\u0131 i\u00e7in ba\u015fka \u015firketler, arac\u0131lar veya y\u00fckleniciler (&#8220;Hizmet Sa\u011flay\u0131c\u0131lar&#8221;) kullan\u0131yoruz. \u00d6rne\u011fin Abonelik hizmetlerinin s\u00fcreklili\u011fini sa\u011flamak ve kullan\u0131c\u0131lar\u0131m\u0131z\u0131n kesintisiz hizmet alabilmesi i\u00e7in, kullan\u0131c\u0131lar\u0131n \u00f6deme bilgilerini (kredi kart\u0131 veya banka kart\u0131 bilgileri) g\u00fcvenli, kolay ve h\u0131zl\u0131 bir \u00f6deme sistemi olan \u2018\u2018Lidio\u2019\u2019 taraf\u0131ndan kaydedilmektedir. Bu bilgiler, kullan\u0131c\u0131lar\u0131n her abonelik d\u00f6neminde tekrar \u00f6deme bilgisi girmelerine gerek kalmadan abonelik \u00fccretlerinin otomatik olarak tahsil edilmesi amac\u0131yla kullan\u0131lacakt\u0131r. Yaln\u0131zca Lidio taraf\u0131ndan kaydedilen bu bilgiler, Heocademy ile payla\u015f\u0131lmaz veya sunucular\u0131nda saklanmaz. &#8221;Lidio&#8221; taraf\u0131ndan kaydedilen bilgiler hizmet sa\u011flama ile ba\u011flant\u0131l\u0131 i\u015fler d\u0131\u015f\u0131nda kullan\u0131lma veya a\u00e7\u0131klama yetkisine sahip de\u011fildir. Kullan\u0131c\u0131lar, abonelik i\u015flemi s\u0131ras\u0131nda \u00f6deme bilgilerinin kaydedilmesi ve i\u015flenmesine y\u00f6nelik onay vermektedirler.\u00a0 Bu onay, kullan\u0131c\u0131 s\u00f6zle\u015fmesinin kabul\u00fc ile birlikte yasal olarak ge\u00e7erli ve ba\u011flay\u0131c\u0131 bir hale gelmektedir.<\/span><\/p><p><strong>5. Ki\u015fisel Verilerinize Dair Haklar\u0131n\u0131z<\/strong><\/p><p><span style=\"font-weight: 400;\">Eralp Yaz\u0131l\u0131m olarak, 6698 say\u0131l\u0131 Ki\u015fisel Verilerin Korunmas\u0131 Kanunu uyar\u0131nca tan\u0131nm\u0131\u015f ki\u015fisel verilerinizle ilgili haklar\u0131n\u0131z\u0131 hat\u0131rlatmak isteriz:<\/span><\/p><ul><li style=\"font-weight: 400;\" aria-level=\"1\"><span style=\"font-weight: 400;\"><strong>a)<\/strong> Ki\u015fisel veri i\u015flenip i\u015flenmedi\u011fini \u00f6\u011frenme,<\/span><\/li><li style=\"font-weight: 400;\" aria-level=\"1\"><span style=\"font-weight: 400;\"><strong>b)<\/strong> Ki\u015fisel verileri i\u015flenmi\u015fse buna ili\u015fkin bilgi talep etme,<\/span><\/li><li style=\"font-weight: 400;\" aria-level=\"1\"><span style=\"font-weight: 400;\"><strong>c)<\/strong> Ki\u015fisel verilerin i\u015flenme amac\u0131n\u0131 ve bunlar\u0131n amac\u0131na uygun kullan\u0131l\u0131p kullan\u0131lmad\u0131\u011f\u0131n\u0131 \u00f6\u011frenme,<\/span><\/li><li style=\"font-weight: 400;\" aria-level=\"1\"><span style=\"font-weight: 400;\"><strong>\u00e7)<\/strong> Yurt i\u00e7inde veya yurt d\u0131\u015f\u0131nda ki\u015fisel verilerin aktar\u0131ld\u0131\u011f\u0131 \u00fc\u00e7\u00fcnc\u00fc ki\u015fileri bilme,<\/span><\/li><li style=\"font-weight: 400;\" aria-level=\"1\"><span style=\"font-weight: 400;\"><strong>d)<\/strong> Ki\u015fisel verilerin eksik veya yanl\u0131\u015f i\u015flenmi\u015f olmas\u0131 h\u00e2linde bunlar\u0131n d\u00fczeltilmesini isteme,<\/span><\/li><li style=\"font-weight: 400;\" aria-level=\"1\"><span style=\"font-weight: 400;\"><strong>e)<\/strong> 7 nci maddede \u00f6ng\u00f6r\u00fclen \u015fartlar \u00e7er\u00e7evesinde ki\u015fisel verilerin silinmesini veya yok edilmesini isteme,<\/span><\/li><li style=\"font-weight: 400;\" aria-level=\"1\"><span style=\"font-weight: 400;\"><strong>f)<\/strong> (d) ve (e) bentleri uyar\u0131nca yap\u0131lan i\u015flemlerin, ki\u015fisel verilerin aktar\u0131ld\u0131\u011f\u0131 \u00fc\u00e7\u00fcnc\u00fc ki\u015filere bildirilmesini isteme,<\/span><\/li><li style=\"font-weight: 400;\" aria-level=\"1\"><span style=\"font-weight: 400;\"><strong>g)<\/strong> \u0130\u015flenen verilerin m\u00fcnhas\u0131ran otomatik sistemler vas\u0131tas\u0131yla analiz edilmesi suretiyle ki\u015finin kendisi aleyhine bir sonucun ortaya \u00e7\u0131kmas\u0131na itiraz etme,<\/span><\/li><li style=\"font-weight: 400;\" aria-level=\"1\"><span style=\"font-weight: 400;\"><strong>\u011f)<\/strong> Ki\u015fisel verilerin kanuna ayk\u0131r\u0131 olarak i\u015flenmesi sebebiyle zarara u\u011framas\u0131 h\u00e2linde zarar\u0131n giderilmesini talep etme<\/span><\/li><\/ul><p><strong>6.Ki\u015fisel Veri \u0130\u015fleme S\u00fcresi<\/strong><\/p><p><span style=\"font-weight: 400;\">Ki\u015fisel Verileriniz, KVKK ba\u015fta olmak \u00fczere ilgili ki\u015fisel verilerin korunmas\u0131 mevzuat\u0131 ve di\u011fer mevzuatta zorunlu k\u0131l\u0131nan s\u00fcreler uyar\u0131nca ve azami olarak yukar\u0131daki me\u015fru ama\u00e7lar ortadan kalkmad\u0131\u011f\u0131 m\u00fcddet\u00e7e i\u015flenecektir.<\/span><\/p><p><strong>7. Ki\u015fisel Verilerinizin G\u00fcncellenmesi ve Ba\u015fvuru Hakk\u0131n\u0131z<\/strong><\/p><p><span style=\"font-weight: 400;\">Eralp Yaz\u0131l\u0131m olarak, 6698 say\u0131l\u0131 Ki\u015fisel Verilerin Korunmas\u0131 Kanunu uyar\u0131nca, i\u015flenen ki\u015fisel verilerinizin do\u011fru ve g\u00fcncel olmas\u0131n\u0131 sa\u011flama y\u00fck\u00fcml\u00fcl\u00fc\u011f\u00fcm\u00fcz bulunmaktad\u0131r. Bu y\u00fck\u00fcml\u00fcl\u00fck \u00e7er\u00e7evesinde, bilgileriniz de\u011fi\u015fti\u011finde onlar\u0131 g\u00fcncelleyebilmemiz i\u00e7in heocademy.com\u2019da ileti\u015fim b\u00f6l\u00fcm\u00fcm\u00fczde bulunan ileti\u015fim kanallar\u0131 arac\u0131l\u0131\u011f\u0131yla bizimle ileti\u015fime ge\u00e7menizi rica ederiz. Bunun d\u0131\u015f\u0131nda yukar\u0131da belirtmi\u015f oldu\u011fumuz haklar\u0131n\u0131z\u0131 kullanmak istedi\u011finizde yine ayn\u0131 \u015fekilde bizimle ileti\u015fime ge\u00e7erek bize m\u00fcracaat edebilirsiniz. Eralp Yaz\u0131l\u0131m olarak, mevzuatta ki\u015fisel verilerle ilgili yap\u0131labilecek herhangi bir de\u011fi\u015fiklik sonras\u0131nda gerekli g\u00fcncellemeleri yapaca\u011f\u0131m\u0131z\u0131 taahh\u00fct ederiz.<\/span><\/p><p><span style=\"font-weight: 400;\">Ki\u015fisel Verileri Eralp Yaz\u0131l\u0131m taraf\u0131ndan i\u015flenen m\u00fc\u015fterilerimiz taraf\u0131ndan yap\u0131lacak \u015fik\u00e2yetler, Eralp Yaz\u0131l\u0131m taraf\u0131ndan en k\u0131sa s\u00fcre i\u00e7erisinde ve en ge\u00e7 30 g\u00fcn i\u00e7erisinde cevapland\u0131r\u0131lacak ve sonu\u00e7land\u0131r\u0131lacakt\u0131r. Ancak ek bir maliyet do\u011fmas\u0131 halinde, Eralp Yaz\u0131l\u0131m\u2019\u0131n Ki\u015fisel Verileri Koruma Kurulu taraf\u0131ndan belirlenecek tarifeye g\u00f6re taraf\u0131n\u0131zdan \u00fccret talep edebilme hakk\u0131 sakl\u0131d\u0131r.<\/span><\/p><p><span style=\"font-weight: 400;\">M\u00fc\u015fterilerimiz, talep ve \u015fik\u00e2yetlerini 6698 say\u0131l\u0131 Ki\u015fisel Verilerin Korunmas\u0131 Kanunu ve ilgili mevzuat uyar\u0131nca heocademy.com adresine yapabilecektir. Bu kapsamda, \u201c5. Ki\u015fisel Verilerinize Dair Haklar\u0131n\u0131z\u201d ba\u015fl\u0131\u011f\u0131 alt\u0131nda s\u0131ralanan haklar\u0131n\u0131za ili\u015fkin taleplerinizi kimli\u011finizi tespit edici belgelerle birlikte a\u015fa\u011f\u0131da belirlenen y\u00f6ntemler ile \u015eirket\u2019e iletebilirsiniz.<\/span><\/p><p><span style=\"font-weight: 400;\"><strong>(i)<\/strong> A\u015fa\u011f\u0131da yer alan ve zaman i\u00e7erisinde g\u00fcncellenebilecek olan posta adresimize elden \u0131slak imzal\u0131 olarak ya da noter arac\u0131l\u0131\u011f\u0131yla,<\/span><\/p><p><span style=\"font-weight: 400;\"><strong>Adres:<\/strong> Adalet Mahallesi, \u015eehit Fethi Sekin Caddesi, No: 1\u00a0 Mart\u0131 Tower Kat: 13 Daire No 1304 BAYRAKLI\/\u0130ZM\u0130R\u00a0<\/span><\/p><p><span style=\"font-weight: 400;\"><strong>(ii)<\/strong> Bize daha \u00f6nce bildirdi\u011finiz ve sistemimizde kay\u0131tl\u0131 olan e-posta adresinizden taraf\u0131m\u0131za g\u00f6nderece\u011finiz e-posta ile (l\u00fctfen kay\u0131tl\u0131 e-posta adresinizi kontrol ediniz)\u00a0<\/span><\/p><p><span style=\"font-weight: 400;\"><strong>E-posta adresi:<\/strong> info@heocademy.com<\/span><\/p>\t\t\t\t\t\t\t\t<\/div>\n\t\t\t\t<\/div>\n\t\t\t\t\t<\/div>\n\t\t\t\t<\/div>\n\t\t\t\t<\/div>\n\t\t\n    <div class=\"xs_social_share_widget xs_share_url after_content \t\tmain_content  wslu-style-1 wslu-share-box-shaped wslu-fill-colored wslu-none wslu-share-horizontal wslu-theme-font-no wslu-main_content\">\n\n\t\t\n        <ul>\n\t\t\t        <\/ul>\n    <\/div> \n","protected":false},"excerpt":{"rendered":"<p>K\u0130\u015e\u0130SEL VER\u0130LER\u0130N\u0130Z\u0130N \u0130\u015eLENMES\u0130NE \u0130L\u0130\u015eK\u0130N B\u0130LG\u0130LEND\u0130RME METN\u0130 VE K\u0130\u015e\u0130SEL VER\u0130LER\u0130N KORUNMASI POL\u0130T\u0130KAMIZ ERALP YAZILIM VE OTOMASYON S\u0130STEMLER\u0130 SANAY\u0130 VE T\u0130CARET A.\u015e.\u00a0 (\u201cEralp Yaz\u0131l\u0131m\u201d), m\u00fc\u015fterilerinin ki\u015fisel verilerine ve bundan do\u011fan haklar\u0131na b\u00fcy\u00fck \u00f6nem vermektedir. A\u015fa\u011f\u0131daki maddeler, heocademy.com web sitesinde toplanan ki\u015fisel verilerin neler oldu\u011fu, s\u00f6z konusu veri bilgilerinin hangi ama\u00e7lar i\u00e7in topland\u0131\u011f\u0131,<\/p>\n","protected":false},"author":1,"featured_media":0,"parent":0,"menu_order":0,"comment_status":"closed","ping_status":"closed","template":"","meta":{"inline_featured_image":false,"footnotes":""},"class_list":["post-6532","page","type-page","status-publish","hentry"],"yoast_head":"<!-- This site is optimized with the Yoast SEO plugin v27.4 - https:\/\/yoast.com\/product\/yoast-seo-wordpress\/ -->\n<title>KVKK | Heocademy<\/title>\n<meta name=\"robots\" content=\"index, follow, max-snippet:-1, max-image-preview:large, max-video-preview:-1\" \/>\n<link rel=\"canonical\" href=\"https:\/\/heocademy.com\/kvkk-gizlilik-sozlesmesi\/\" \/>\n<meta property=\"og:locale\" content=\"en_US\" \/>\n<meta property=\"og:type\" content=\"article\" \/>\n<meta property=\"og:title\" content=\"KVKK | Heocademy\" \/>\n<meta property=\"og:description\" content=\"K\u0130\u015e\u0130SEL VER\u0130LER\u0130N\u0130Z\u0130N \u0130\u015eLENMES\u0130NE \u0130L\u0130\u015eK\u0130N B\u0130LG\u0130LEND\u0130RME METN\u0130 VE K\u0130\u015e\u0130SEL VER\u0130LER\u0130N KORUNMASI POL\u0130T\u0130KAMIZ ERALP YAZILIM VE OTOMASYON S\u0130STEMLER\u0130 SANAY\u0130 VE T\u0130CARET A.\u015e.\u00a0 (\u201cEralp Yaz\u0131l\u0131m\u201d), m\u00fc\u015fterilerinin ki\u015fisel verilerine ve bundan do\u011fan haklar\u0131na b\u00fcy\u00fck \u00f6nem vermektedir. A\u015fa\u011f\u0131daki maddeler, heocademy.com web sitesinde toplanan ki\u015fisel verilerin neler oldu\u011fu, s\u00f6z konusu veri bilgilerinin hangi ama\u00e7lar i\u00e7in topland\u0131\u011f\u0131,\" \/>\n<meta property=\"og:url\" content=\"https:\/\/heocademy.com\/kvkk-gizlilik-sozlesmesi\/\" \/>\n<meta property=\"og:site_name\" content=\"Heocademy\" \/>\n<meta property=\"article:modified_time\" content=\"2024-05-21T14:15:44+00:00\" \/>\n<meta property=\"og:image\" content=\"https:\/\/heocademy.com\/wp-content\/uploads\/2024\/07\/Screenshot-2024-07-08-at-16.22.21.png\" \/>\n\t<meta property=\"og:image:width\" content=\"685\" \/>\n\t<meta property=\"og:image:height\" content=\"661\" \/>\n\t<meta property=\"og:image:type\" content=\"image\/png\" \/>\n<meta name=\"twitter:card\" content=\"summary_large_image\" \/>\n<meta name=\"twitter:label1\" content=\"Est. reading time\" \/>\n\t<meta name=\"twitter:data1\" content=\"7 minutes\" \/>\n<script type=\"application\/ld+json\" class=\"yoast-schema-graph\">{\"@context\":\"https:\\\/\\\/schema.org\",\"@graph\":[{\"@type\":\"WebPage\",\"@id\":\"https:\\\/\\\/heocademy.com\\\/kvkk-gizlilik-sozlesmesi\\\/\",\"url\":\"https:\\\/\\\/heocademy.com\\\/kvkk-gizlilik-sozlesmesi\\\/\",\"name\":\"KVKK | Heocademy\",\"isPartOf\":{\"@id\":\"https:\\\/\\\/heocademy.com\\\/#website\"},\"datePublished\":\"2024-02-20T10:48:14+00:00\",\"dateModified\":\"2024-05-21T14:15:44+00:00\",\"breadcrumb\":{\"@id\":\"https:\\\/\\\/heocademy.com\\\/kvkk-gizlilik-sozlesmesi\\\/#breadcrumb\"},\"inLanguage\":\"en-US\",\"potentialAction\":[{\"@type\":\"ReadAction\",\"target\":[\"https:\\\/\\\/heocademy.com\\\/kvkk-gizlilik-sozlesmesi\\\/\"]}]},{\"@type\":\"BreadcrumbList\",\"@id\":\"https:\\\/\\\/heocademy.com\\\/kvkk-gizlilik-sozlesmesi\\\/#breadcrumb\",\"itemListElement\":[{\"@type\":\"ListItem\",\"position\":1,\"name\":\"Anasayfa\",\"item\":\"https:\\\/\\\/heocademy.com\\\/\"},{\"@type\":\"ListItem\",\"position\":2,\"name\":\"KVKK\"}]},{\"@type\":\"WebSite\",\"@id\":\"https:\\\/\\\/heocademy.com\\\/#website\",\"url\":\"https:\\\/\\\/heocademy.com\\\/\",\"name\":\"Heocademy\",\"description\":\"\",\"potentialAction\":[{\"@type\":\"SearchAction\",\"target\":{\"@type\":\"EntryPoint\",\"urlTemplate\":\"https:\\\/\\\/heocademy.com\\\/?s={search_term_string}\"},\"query-input\":{\"@type\":\"PropertyValueSpecification\",\"valueRequired\":true,\"valueName\":\"search_term_string\"}}],\"inLanguage\":\"en-US\"}]}<\/script>\n<!-- \/ Yoast SEO plugin. -->","yoast_head_json":{"title":"KVKK | Heocademy","robots":{"index":"index","follow":"follow","max-snippet":"max-snippet:-1","max-image-preview":"max-image-preview:large","max-video-preview":"max-video-preview:-1"},"canonical":"https:\/\/heocademy.com\/kvkk-gizlilik-sozlesmesi\/","og_locale":"en_US","og_type":"article","og_title":"KVKK | Heocademy","og_description":"K\u0130\u015e\u0130SEL VER\u0130LER\u0130N\u0130Z\u0130N \u0130\u015eLENMES\u0130NE \u0130L\u0130\u015eK\u0130N B\u0130LG\u0130LEND\u0130RME METN\u0130 VE K\u0130\u015e\u0130SEL VER\u0130LER\u0130N KORUNMASI POL\u0130T\u0130KAMIZ ERALP YAZILIM VE OTOMASYON S\u0130STEMLER\u0130 SANAY\u0130 VE T\u0130CARET A.\u015e.\u00a0 (\u201cEralp Yaz\u0131l\u0131m\u201d), m\u00fc\u015fterilerinin ki\u015fisel verilerine ve bundan do\u011fan haklar\u0131na b\u00fcy\u00fck \u00f6nem vermektedir. A\u015fa\u011f\u0131daki maddeler, heocademy.com web sitesinde toplanan ki\u015fisel verilerin neler oldu\u011fu, s\u00f6z konusu veri bilgilerinin hangi ama\u00e7lar i\u00e7in topland\u0131\u011f\u0131,","og_url":"https:\/\/heocademy.com\/kvkk-gizlilik-sozlesmesi\/","og_site_name":"Heocademy","article_modified_time":"2024-05-21T14:15:44+00:00","og_image":[{"width":685,"height":661,"url":"https:\/\/heocademy.com\/wp-content\/uploads\/2024\/07\/Screenshot-2024-07-08-at-16.22.21.png","type":"image\/png"}],"twitter_card":"summary_large_image","twitter_misc":{"Est. reading time":"7 minutes"},"schema":{"@context":"https:\/\/schema.org","@graph":[{"@type":"WebPage","@id":"https:\/\/heocademy.com\/kvkk-gizlilik-sozlesmesi\/","url":"https:\/\/heocademy.com\/kvkk-gizlilik-sozlesmesi\/","name":"KVKK | Heocademy","isPartOf":{"@id":"https:\/\/heocademy.com\/#website"},"datePublished":"2024-02-20T10:48:14+00:00","dateModified":"2024-05-21T14:15:44+00:00","breadcrumb":{"@id":"https:\/\/heocademy.com\/kvkk-gizlilik-sozlesmesi\/#breadcrumb"},"inLanguage":"en-US","potentialAction":[{"@type":"ReadAction","target":["https:\/\/heocademy.com\/kvkk-gizlilik-sozlesmesi\/"]}]},{"@type":"BreadcrumbList","@id":"https:\/\/heocademy.com\/kvkk-gizlilik-sozlesmesi\/#breadcrumb","itemListElement":[{"@type":"ListItem","position":1,"name":"Anasayfa","item":"https:\/\/heocademy.com\/"},{"@type":"ListItem","position":2,"name":"KVKK"}]},{"@type":"WebSite","@id":"https:\/\/heocademy.com\/#website","url":"https:\/\/heocademy.com\/","name":"Heocademy","description":"","potentialAction":[{"@type":"SearchAction","target":{"@type":"EntryPoint","urlTemplate":"https:\/\/heocademy.com\/?s={search_term_string}"},"query-input":{"@type":"PropertyValueSpecification","valueRequired":true,"valueName":"search_term_string"}}],"inLanguage":"en-US"}]}},"_links":{"self":[{"href":"https:\/\/heocademy.com\/en\/wp-json\/wp\/v2\/pages\/6532","targetHints":{"allow":["GET"]}}],"collection":[{"href":"https:\/\/heocademy.com\/en\/wp-json\/wp\/v2\/pages"}],"about":[{"href":"https:\/\/heocademy.com\/en\/wp-json\/wp\/v2\/types\/page"}],"author":[{"embeddable":true,"href":"https:\/\/heocademy.com\/en\/wp-json\/wp\/v2\/users\/1"}],"replies":[{"embeddable":true,"href":"https:\/\/heocademy.com\/en\/wp-json\/wp\/v2\/comments?post=6532"}],"version-history":[{"count":23,"href":"https:\/\/heocademy.com\/en\/wp-json\/wp\/v2\/pages\/6532\/revisions"}],"predecessor-version":[{"id":8717,"href":"https:\/\/heocademy.com\/en\/wp-json\/wp\/v2\/pages\/6532\/revisions\/8717"}],"wp:attachment":[{"href":"https:\/\/heocademy.com\/en\/wp-json\/wp\/v2\/media?parent=6532"}],"curies":[{"name":"wp","href":"https:\/\/api.w.org\/{rel}","templated":true}]}}